{"id":24,"date":"2022-11-15T15:53:57","date_gmt":"2022-11-15T15:53:57","guid":{"rendered":"http:\/\/smpla.com.mx\/comunicados2\/home\/"},"modified":"2022-11-16T14:41:34","modified_gmt":"2022-11-16T14:41:34","slug":"home","status":"publish","type":"page","link":"https:\/\/smpla.com.mx\/comunicados2\/","title":{"rendered":"COMUNICADO"},"content":{"rendered":"<body>\n<div class=\"wp-block-columns alignwide are-vertically-aligned-bottom is-layout-flex wp-container-core-columns-is-layout-28f84493 wp-block-columns-is-layout-flex\">\n<div class=\"wp-block-column is-vertically-aligned-bottom is-layout-flow wp-block-column-is-layout-flow\" style=\"flex-basis:100%\"><\/div>\n<\/div>\n\n\n\n<!--more-->\n\n\n\n<p class=\"has-text-align-center\"><strong>Concluyen visita acad\u00e9mica y tecnol\u00f3gica Seal and Metal Products of Latin America y la Universidad aeron\u00e1utica iFly<\/strong><\/p>\n\n\n\n<figure class=\"wp-block-gallery has-nested-images columns-default is-cropped wp-block-gallery-1 is-layout-flex wp-block-gallery-is-layout-flex\">\n<figure class=\"wp-block-image size-large\"><img data-recalc-dims=\"1\" decoding=\"async\" width=\"1024\" height=\"537\" data-id=\"51\" src=\"https:\/\/i0.wp.com\/smpla.com.mx\/comunicados2\/wp-content\/uploads\/2022\/11\/img9.png?resize=1024%2C537\" alt=\"\" class=\"wp-image-51\" loading=\"lazy\" srcset=\"https:\/\/i0.wp.com\/smpla.com.mx\/comunicados2\/wp-content\/uploads\/2022\/11\/img9.png?resize=1024%2C537&amp;ssl=1 1024w, https:\/\/i0.wp.com\/smpla.com.mx\/comunicados2\/wp-content\/uploads\/2022\/11\/img9.png?resize=300%2C157&amp;ssl=1 300w, https:\/\/i0.wp.com\/smpla.com.mx\/comunicados2\/wp-content\/uploads\/2022\/11\/img9.png?resize=768%2C402&amp;ssl=1 768w, https:\/\/i0.wp.com\/smpla.com.mx\/comunicados2\/wp-content\/uploads\/2022\/11\/img9.png?w=1080&amp;ssl=1 1080w\" sizes=\"auto, (max-width: 1000px) 100vw, 1000px\" \/><\/figure>\n\n\n\n<figure class=\"wp-block-image size-large\"><img data-recalc-dims=\"1\" decoding=\"async\" width=\"1024\" height=\"683\" data-id=\"62\" src=\"https:\/\/i0.wp.com\/smpla.com.mx\/comunicados2\/wp-content\/uploads\/2022\/11\/img1-1.jpg?resize=1024%2C683\" alt=\"\" class=\"wp-image-62\" loading=\"lazy\" srcset=\"https:\/\/i0.wp.com\/smpla.com.mx\/comunicados2\/wp-content\/uploads\/2022\/11\/img1-1.jpg?resize=1024%2C683&amp;ssl=1 1024w, https:\/\/i0.wp.com\/smpla.com.mx\/comunicados2\/wp-content\/uploads\/2022\/11\/img1-1.jpg?resize=300%2C200&amp;ssl=1 300w, https:\/\/i0.wp.com\/smpla.com.mx\/comunicados2\/wp-content\/uploads\/2022\/11\/img1-1.jpg?resize=768%2C512&amp;ssl=1 768w, https:\/\/i0.wp.com\/smpla.com.mx\/comunicados2\/wp-content\/uploads\/2022\/11\/img1-1.jpg?w=1296&amp;ssl=1 1296w\" sizes=\"auto, (max-width: 1000px) 100vw, 1000px\" \/><\/figure>\n<\/figure>\n\n\n\n<p>Con el objetivo de generar lazos acad\u00e9mico-tecnol\u00f3gicos y fortaleciendo la cultura aeron\u00e1utica en la regi\u00f3n, personal de Seal and Metal Products of Latin America (SMPLA) interactu\u00f3 con cadetes, instructores y directivos de la Universidad aeron\u00e1utica iFly (iFly).<\/p>\n\n\n\n<p>Cadetes e instructores de iFly visitaron las instalaciones de SMPLA el pasado 4 noviembre, que de manera inicial, los cadetes conocieron la historia de la compa\u00f1\u00eda, resaltando su elecci\u00f3n por la capital del Estado, seguidamente conocieron los diferentes tipos de productos que realiza SMPLA, el tipo mercado, clientes, el sistema de calidad aplicado y sus certificaciones. Seguidamente realizaron un recorrido por las \u00e1reas de producci\u00f3n y procesos de fabricaci\u00f3n de sellos mec\u00e1nicos utilizados en la industria aeroespacial. Algunos sellos que manufacturamos van en el motores LEAP empleado en la familia Boeing 737 MAX, el Rolls-Royce AE 3007A utilizado en \u00a0Embraer ERJ Series135\/140\/145, el General Electric T700 empleado en el Airbus CN235 y UH-60 Black Hawk entre otros.<\/p>\n\n\n\n<p>A su vez, el pasado 12 de noviembre, personal de SMPLA acudieron a las instalaciones de la universidad aeron\u00e1utica iFly, ubicadas al interior del aeropuerto \u201cManuel Crescencio Rej\u00f3n\u201d. Donde personal de SMPLA fue recibido por el capit\u00e1n Juli\u00e1n Esquivel, fundador de la universidad quien dio la bienvenida y present\u00f3 al personal que acompa\u00f1ar\u00eda en todo momento a personal de SMPLA, seguidamente se dividieron en grupos para que estudiantes e instructores de las diferentes carreras conocieran sus \u00e1reas de trabajo y dieran una breve descripci\u00f3n de sus actividades. Al mismo tiempo, pudieron observar las diferentes \u00e1reas que conforman la universidad. Mismas que se encuentran como el edificio terminal con sus secciones como de log\u00edstica, operaciones y de briefing, tambi\u00e9n hicieron un recorrido por los hangares, para finalmente, observar y tomar fotograf\u00edas de las operaciones y las aeronaves Pipistrel Virus SW121 y TECNAM P2006T de \u00faltima generaci\u00f3n.<\/p>\n\n\n\n<figure class=\"wp-block-gallery has-nested-images columns-default is-cropped wp-block-gallery-2 is-layout-flex wp-block-gallery-is-layout-flex\">\n<figure class=\"wp-block-image size-large\"><img data-recalc-dims=\"1\" decoding=\"async\" width=\"1024\" height=\"537\" data-id=\"94\" src=\"https:\/\/i0.wp.com\/smpla.com.mx\/comunicados2\/wp-content\/uploads\/2022\/11\/img6.png?resize=1024%2C537\" alt=\"\" class=\"wp-image-94\" loading=\"lazy\" srcset=\"https:\/\/i0.wp.com\/smpla.com.mx\/comunicados2\/wp-content\/uploads\/2022\/11\/img6.png?resize=1024%2C537&amp;ssl=1 1024w, https:\/\/i0.wp.com\/smpla.com.mx\/comunicados2\/wp-content\/uploads\/2022\/11\/img6.png?resize=300%2C157&amp;ssl=1 300w, https:\/\/i0.wp.com\/smpla.com.mx\/comunicados2\/wp-content\/uploads\/2022\/11\/img6.png?resize=768%2C402&amp;ssl=1 768w, https:\/\/i0.wp.com\/smpla.com.mx\/comunicados2\/wp-content\/uploads\/2022\/11\/img6.png?w=1080&amp;ssl=1 1080w\" sizes=\"auto, (max-width: 1000px) 100vw, 1000px\" \/><\/figure>\n\n\n\n<figure class=\"wp-block-image size-large\"><img data-recalc-dims=\"1\" decoding=\"async\" width=\"1024\" height=\"537\" data-id=\"49\" src=\"https:\/\/i0.wp.com\/smpla.com.mx\/comunicados2\/wp-content\/uploads\/2022\/11\/img5-1.png?resize=1024%2C537\" alt=\"\" class=\"wp-image-49\" loading=\"lazy\" srcset=\"https:\/\/i0.wp.com\/smpla.com.mx\/comunicados2\/wp-content\/uploads\/2022\/11\/img5-1.png?resize=1024%2C537&amp;ssl=1 1024w, https:\/\/i0.wp.com\/smpla.com.mx\/comunicados2\/wp-content\/uploads\/2022\/11\/img5-1.png?resize=300%2C157&amp;ssl=1 300w, https:\/\/i0.wp.com\/smpla.com.mx\/comunicados2\/wp-content\/uploads\/2022\/11\/img5-1.png?resize=768%2C402&amp;ssl=1 768w, https:\/\/i0.wp.com\/smpla.com.mx\/comunicados2\/wp-content\/uploads\/2022\/11\/img5-1.png?w=1080&amp;ssl=1 1080w\" sizes=\"auto, (max-width: 1000px) 100vw, 1000px\" \/><\/figure>\n\n\n\n<figure class=\"wp-block-image size-large\"><img data-recalc-dims=\"1\" decoding=\"async\" width=\"1024\" height=\"537\" data-id=\"93\" src=\"https:\/\/i0.wp.com\/smpla.com.mx\/comunicados2\/wp-content\/uploads\/2022\/11\/img7-2.png?resize=1024%2C537\" alt=\"\" class=\"wp-image-93\" loading=\"lazy\" srcset=\"https:\/\/i0.wp.com\/smpla.com.mx\/comunicados2\/wp-content\/uploads\/2022\/11\/img7-2.png?resize=1024%2C537&amp;ssl=1 1024w, https:\/\/i0.wp.com\/smpla.com.mx\/comunicados2\/wp-content\/uploads\/2022\/11\/img7-2.png?resize=300%2C157&amp;ssl=1 300w, https:\/\/i0.wp.com\/smpla.com.mx\/comunicados2\/wp-content\/uploads\/2022\/11\/img7-2.png?resize=768%2C402&amp;ssl=1 768w, https:\/\/i0.wp.com\/smpla.com.mx\/comunicados2\/wp-content\/uploads\/2022\/11\/img7-2.png?w=1080&amp;ssl=1 1080w\" sizes=\"auto, (max-width: 1000px) 100vw, 1000px\" \/><\/figure>\n<\/figure>\n\n\n\n<figure class=\"wp-block-gallery has-nested-images columns-default is-cropped wp-block-gallery-3 is-layout-flex wp-block-gallery-is-layout-flex\">\n<figure class=\"wp-block-image size-large\"><img data-recalc-dims=\"1\" decoding=\"async\" width=\"1024\" height=\"650\" data-id=\"108\" src=\"https:\/\/i0.wp.com\/smpla.com.mx\/comunicados2\/wp-content\/uploads\/2022\/11\/315316885_10159566638362415_6359440427833331641_n-1.jpg?resize=1024%2C650\" alt=\"\" class=\"wp-image-108\" loading=\"lazy\" srcset=\"https:\/\/i0.wp.com\/smpla.com.mx\/comunicados2\/wp-content\/uploads\/2022\/11\/315316885_10159566638362415_6359440427833331641_n-1.jpg?resize=1024%2C650&amp;ssl=1 1024w, https:\/\/i0.wp.com\/smpla.com.mx\/comunicados2\/wp-content\/uploads\/2022\/11\/315316885_10159566638362415_6359440427833331641_n-1.jpg?resize=300%2C190&amp;ssl=1 300w, https:\/\/i0.wp.com\/smpla.com.mx\/comunicados2\/wp-content\/uploads\/2022\/11\/315316885_10159566638362415_6359440427833331641_n-1.jpg?resize=768%2C487&amp;ssl=1 768w, https:\/\/i0.wp.com\/smpla.com.mx\/comunicados2\/wp-content\/uploads\/2022\/11\/315316885_10159566638362415_6359440427833331641_n-1.jpg?resize=1536%2C974&amp;ssl=1 1536w, https:\/\/i0.wp.com\/smpla.com.mx\/comunicados2\/wp-content\/uploads\/2022\/11\/315316885_10159566638362415_6359440427833331641_n-1.jpg?w=1600&amp;ssl=1 1600w\" sizes=\"auto, (max-width: 1000px) 100vw, 1000px\" \/><figcaption class=\"wp-element-caption\">Pipistrel Virus<\/figcaption><\/figure>\n<\/figure>\n\n\n\n<figure class=\"wp-block-gallery has-nested-images columns-default is-cropped wp-block-gallery-4 is-layout-flex wp-block-gallery-is-layout-flex\">\n<figure class=\"wp-block-image size-large\"><img data-recalc-dims=\"1\" decoding=\"async\" width=\"1024\" height=\"646\" data-id=\"109\" src=\"https:\/\/i0.wp.com\/smpla.com.mx\/comunicados2\/wp-content\/uploads\/2022\/11\/315214904_10159566638087415_6845296565556587229_n-1.jpg?resize=1024%2C646\" alt=\"\" class=\"wp-image-109\" loading=\"lazy\" srcset=\"https:\/\/i0.wp.com\/smpla.com.mx\/comunicados2\/wp-content\/uploads\/2022\/11\/315214904_10159566638087415_6845296565556587229_n-1.jpg?resize=1024%2C646&amp;ssl=1 1024w, https:\/\/i0.wp.com\/smpla.com.mx\/comunicados2\/wp-content\/uploads\/2022\/11\/315214904_10159566638087415_6845296565556587229_n-1.jpg?resize=300%2C189&amp;ssl=1 300w, https:\/\/i0.wp.com\/smpla.com.mx\/comunicados2\/wp-content\/uploads\/2022\/11\/315214904_10159566638087415_6845296565556587229_n-1.jpg?resize=768%2C484&amp;ssl=1 768w, https:\/\/i0.wp.com\/smpla.com.mx\/comunicados2\/wp-content\/uploads\/2022\/11\/315214904_10159566638087415_6845296565556587229_n-1.jpg?resize=1536%2C969&amp;ssl=1 1536w, https:\/\/i0.wp.com\/smpla.com.mx\/comunicados2\/wp-content\/uploads\/2022\/11\/315214904_10159566638087415_6845296565556587229_n-1.jpg?w=1600&amp;ssl=1 1600w\" sizes=\"auto, (max-width: 1000px) 100vw, 1000px\" \/><figcaption class=\"wp-element-caption\">Tecnam P2006T<\/figcaption><\/figure>\n<\/figure>\n\n\n\n<div class=\"wp-block-group is-layout-constrained wp-block-group-is-layout-constrained\">\n<div class=\"wp-block-responsive-lightbox-gallery\"><\/div>\n<\/div>\n<\/body>","protected":false},"excerpt":{"rendered":"","protected":false},"author":3,"featured_media":0,"parent":0,"menu_order":0,"comment_status":"closed","ping_status":"closed","template":"","meta":{"om_disable_all_campaigns":true,"pagelayer_contact_templates":[],"_pagelayer_content":"","footnotes":""},"class_list":["post-24","page","type-page","status-publish","hentry"],"jetpack_sharing_enabled":true,"_links":{"self":[{"href":"https:\/\/smpla.com.mx\/comunicados2\/wp-json\/wp\/v2\/pages\/24","targetHints":{"allow":["GET"]}}],"collection":[{"href":"https:\/\/smpla.com.mx\/comunicados2\/wp-json\/wp\/v2\/pages"}],"about":[{"href":"https:\/\/smpla.com.mx\/comunicados2\/wp-json\/wp\/v2\/types\/page"}],"author":[{"embeddable":true,"href":"https:\/\/smpla.com.mx\/comunicados2\/wp-json\/wp\/v2\/users\/3"}],"replies":[{"embeddable":true,"href":"https:\/\/smpla.com.mx\/comunicados2\/wp-json\/wp\/v2\/comments?post=24"}],"version-history":[{"count":22,"href":"https:\/\/smpla.com.mx\/comunicados2\/wp-json\/wp\/v2\/pages\/24\/revisions"}],"predecessor-version":[{"id":115,"href":"https:\/\/smpla.com.mx\/comunicados2\/wp-json\/wp\/v2\/pages\/24\/revisions\/115"}],"wp:attachment":[{"href":"https:\/\/smpla.com.mx\/comunicados2\/wp-json\/wp\/v2\/media?parent=24"}],"curies":[{"name":"wp","href":"https:\/\/api.w.org\/{rel}","templated":true}]}}