{"id":122,"date":"2022-11-16T21:47:37","date_gmt":"2022-11-16T21:47:37","guid":{"rendered":"http:\/\/smpla.com.mx\/comunicados2\/?page_id=122"},"modified":"2022-11-16T21:47:37","modified_gmt":"2022-11-16T21:47:37","slug":"from-laws-and-specifications-to-compliant-product-a-way-to-get-what-you-want","status":"publish","type":"page","link":"https:\/\/smpla.com.mx\/comunicados2\/from-laws-and-specifications-to-compliant-product-a-way-to-get-what-you-want\/","title":{"rendered":""},"content":{"rendered":"<body>\n<h2 class=\"has-text-align-center wp-block-heading\">Webinar: From laws and specifications to compliant product: a way to get what you want<\/h2>\n\n\n\n<figure class=\"wp-block-gallery has-nested-images columns-default is-cropped wp-block-gallery-1 is-layout-flex wp-block-gallery-is-layout-flex\">\n<figure class=\"wp-block-image size-large\"><img data-recalc-dims=\"1\" decoding=\"async\" width=\"1024\" height=\"538\" data-id=\"123\" src=\"https:\/\/i0.wp.com\/smpla.com.mx\/comunicados2\/wp-content\/uploads\/2022\/11\/webinar-2.jpg?resize=1024%2C538\" alt=\"\" class=\"wp-image-123\" loading=\"lazy\" srcset=\"https:\/\/i0.wp.com\/smpla.com.mx\/comunicados2\/wp-content\/uploads\/2022\/11\/webinar-2.jpg?resize=1024%2C538&amp;ssl=1 1024w, https:\/\/i0.wp.com\/smpla.com.mx\/comunicados2\/wp-content\/uploads\/2022\/11\/webinar-2.jpg?resize=300%2C158&amp;ssl=1 300w, https:\/\/i0.wp.com\/smpla.com.mx\/comunicados2\/wp-content\/uploads\/2022\/11\/webinar-2.jpg?resize=768%2C403&amp;ssl=1 768w, https:\/\/i0.wp.com\/smpla.com.mx\/comunicados2\/wp-content\/uploads\/2022\/11\/webinar-2.jpg?w=1200&amp;ssl=1 1200w\" sizes=\"auto, (max-width: 1000px) 100vw, 1000px\" \/><\/figure>\n<\/figure>\n\n\n\n<p>Integrantes de Seal and Metal Products of Latin America participaron en el webinar organizado por la Federaci\u00f3n Mexicana de la Industria Aeroespacial denominado: From laws and specifications to compliant product: a way to get what you want<\/p>\n\n\n\n<p>La Federaci\u00f3n Mexicana de la Industria Aeroespacial (FEMIA) y Seal and Metal Products of Latin America (SMPLA) llevaron a cabo un seminario en l\u00ednea titulado: <em>From laws and specifications to compliant product: a way to get what you want<\/em>. La actividad se realiz\u00f3 el pasado 19 de octubre, ante miembros de la FEMIA, proveedores y p\u00fablico en general, en este webinar se habl\u00f3 de como cubrir todos los requisitos y expectativas de las partes interesadas para que las instrucciones, el personal de producci\u00f3n cubran todos los requisitos directos e impl\u00edcitos y de esta forma entregar productos que cumplen con todos los requisitos y expectativas reglamentarios, de calidad y del cliente.<\/p>\n\n\n\n<p>SMPLA ha estado trabajando en la integraci\u00f3n de procesos gerenciales, administrativos, productivos y de soporte y por ello, han fusionado leyes, reglamentos de M\u00e9xico y Estados Unidos, requisitos de sus clientes y est\u00e1ndares de calidad en un solo sistema, con el objetivo de armonizar la informaci\u00f3n, eliminar informaci\u00f3n innecesaria evitando la duplicaci\u00f3n de actividades, garantizando que los procesos y actividades de SMPLA se desarrollen con m\u00e1xima eficacia y eficiencia.<\/p>\n\n\n\n<p>El evento fue encabezado por Nora Gettliffe, gerente de planta, Juan Carlos Nadal gerente de Calidad y \u00c1ngel Guzm\u00e1n-Acevedo, Ingeniero de Proyecto de SMPLA.<\/p>\n\n\n\n<p>La FEMIA organiza una serie de webinars para guiar a los proveedores sobre la manera en que se encuentran estructuradas los diferentes servicios requeridos en el sector aeroespacial, as\u00ed como capacidades de manufactura en la integraci\u00f3n de una aeronave.<\/p>\n\n\n\n<figure class=\"wp-block-embed is-type-video is-provider-youtube wp-block-embed-youtube wp-embed-aspect-16-9 wp-has-aspect-ratio\"><div class=\"wp-block-embed__wrapper\">\n<iframe loading=\"lazy\" title='\"From laws and specifications to compliant product: a way to get what you want\"' width=\"500\" height=\"281\" src=\"https:\/\/www.youtube.com\/embed\/MFYNwjm341M?start=1820&amp;feature=oembed\" frameborder=\"0\" allow=\"accelerometer; autoplay; clipboard-write; encrypted-media; gyroscope; picture-in-picture; web-share\" referrerpolicy=\"strict-origin-when-cross-origin\" allowfullscreen><\/iframe>\n<\/div><\/figure>\n<\/body>","protected":false},"excerpt":{"rendered":"<p>Webinar: From laws and specifications to compliant product: a way to get what you want Integrantes de Seal and Metal Products of Latin America participaron en el webinar organizado por la Federaci\u00f3n Mexicana de la Industria Aeroespacial denominado: From laws and specifications to compliant product: a way to get what you want La Federaci\u00f3n Mexicana [&hellip;]<\/p>\n","protected":false},"author":2,"featured_media":0,"parent":0,"menu_order":0,"comment_status":"closed","ping_status":"closed","template":"","meta":{"om_disable_all_campaigns":false,"pagelayer_contact_templates":[],"_pagelayer_content":"","footnotes":""},"class_list":["post-122","page","type-page","status-publish","hentry"],"jetpack_sharing_enabled":true,"_links":{"self":[{"href":"https:\/\/smpla.com.mx\/comunicados2\/wp-json\/wp\/v2\/pages\/122","targetHints":{"allow":["GET"]}}],"collection":[{"href":"https:\/\/smpla.com.mx\/comunicados2\/wp-json\/wp\/v2\/pages"}],"about":[{"href":"https:\/\/smpla.com.mx\/comunicados2\/wp-json\/wp\/v2\/types\/page"}],"author":[{"embeddable":true,"href":"https:\/\/smpla.com.mx\/comunicados2\/wp-json\/wp\/v2\/users\/2"}],"replies":[{"embeddable":true,"href":"https:\/\/smpla.com.mx\/comunicados2\/wp-json\/wp\/v2\/comments?post=122"}],"version-history":[{"count":1,"href":"https:\/\/smpla.com.mx\/comunicados2\/wp-json\/wp\/v2\/pages\/122\/revisions"}],"predecessor-version":[{"id":124,"href":"https:\/\/smpla.com.mx\/comunicados2\/wp-json\/wp\/v2\/pages\/122\/revisions\/124"}],"wp:attachment":[{"href":"https:\/\/smpla.com.mx\/comunicados2\/wp-json\/wp\/v2\/media?parent=122"}],"curies":[{"name":"wp","href":"https:\/\/api.w.org\/{rel}","templated":true}]}}