{"id":116,"date":"2022-11-16T21:22:28","date_gmt":"2022-11-16T21:22:28","guid":{"rendered":"http:\/\/smpla.com.mx\/comunicados2\/?page_id=116"},"modified":"2022-11-16T21:22:28","modified_gmt":"2022-11-16T21:22:28","slug":"yucata-un-reto-para-la-industria-aeroespacial","status":"publish","type":"page","link":"https:\/\/smpla.com.mx\/comunicados2\/yucata-un-reto-para-la-industria-aeroespacial\/","title":{"rendered":""},"content":{"rendered":"<body>\n<figure class=\"wp-block-gallery has-nested-images columns-default is-cropped wp-block-gallery-1 is-layout-flex wp-block-gallery-is-layout-flex\">\n<figure class=\"wp-block-image size-large\"><img data-recalc-dims=\"1\" decoding=\"async\" width=\"1024\" height=\"538\" data-id=\"117\" src=\"https:\/\/i0.wp.com\/smpla.com.mx\/comunicados2\/wp-content\/uploads\/2022\/11\/webinar-1.jpg?resize=1024%2C538\" alt=\"\" class=\"wp-image-117\" loading=\"lazy\" srcset=\"https:\/\/i0.wp.com\/smpla.com.mx\/comunicados2\/wp-content\/uploads\/2022\/11\/webinar-1.jpg?resize=1024%2C538&amp;ssl=1 1024w, https:\/\/i0.wp.com\/smpla.com.mx\/comunicados2\/wp-content\/uploads\/2022\/11\/webinar-1.jpg?resize=300%2C158&amp;ssl=1 300w, https:\/\/i0.wp.com\/smpla.com.mx\/comunicados2\/wp-content\/uploads\/2022\/11\/webinar-1.jpg?resize=768%2C403&amp;ssl=1 768w, https:\/\/i0.wp.com\/smpla.com.mx\/comunicados2\/wp-content\/uploads\/2022\/11\/webinar-1.jpg?w=1200&amp;ssl=1 1200w\" sizes=\"auto, (max-width: 1000px) 100vw, 1000px\" \/><\/figure>\n<\/figure>\n\n\n\n<h2 class=\"has-text-align-center wp-block-heading\"><strong>Webinar: Yucat\u00e1n, un reto para la industria aeroespacial<\/strong><\/h2>\n\n\n\n<p>Integrantes de Seal and Metal Products of Latin America participaron en el webinar organizado por la Federaci\u00f3n Mexicana de la Industria Aeroespacial denominado: Yucat\u00e1n, un reto para la industria aeroespacial.<\/p>\n\n\n\n<p>La Federaci\u00f3n Mexicana de la Industria Aeroespacial (FEMIA) y Seal and Metal Products of Latin America (SMPLA) llevaron a cabo un seminario en l\u00ednea titulado: Yucat\u00e1n, un reto para la industria aeroespacial. La actividad se realiz\u00f3 el pasado 29 de junio, ante miembros de la FEMIA, proveedores y p\u00fablico en general, en este webinar, se habl\u00f3 sobre las ventajas y desaf\u00edos que tiene el estado de Yucat\u00e1n para la industria aeroespacial, como en SMPLA aprovech\u00f3 las ventajas, superando dichos obst\u00e1culos y abrirse camino a nuevas oportunidades, buscando integrarse a la cadena de proveedur\u00eda en M\u00e9xico.<\/p>\n\n\n\n<p>SMPLA es pionera en la industria aeroespacial mexicana. En el a\u00f1o 2000 lleg\u00f3 a establecerse en M\u00e9rida, Yucat\u00e1n, como subsidiaria de Stein Seal Company. En m\u00e1s de dos d\u00e9cadas, la empresa ha enfrentado con \u00e9xito la falta de proveedur\u00eda, la escasez de talento local y las constantes fallas en el suministro el\u00e9ctrico. Establecerse en el sureste mexicano, donde lo que predomina como actividad econ\u00f3mica es la agricultura y el turismo, no ha sido f\u00e1cil. Ante la falta de proveedores, SMPLA ha tenido que desarrollar a sus proveedores locales y en algunos casos hacer in-house lo que no pod\u00eda encontrar en la regi\u00f3n.<\/p>\n\n\n\n<p>El evento fue encabezado por Nora Gettliffe, gerente de planta, Juan Carlos Nadal gerente de Calidad; Marcos Jim\u00e9nez gerente producci\u00f3n y \u00c1ngel Guzm\u00e1n-Acevedo, Ingeniero de Proyecto de SMPLA.<\/p>\n\n\n\n<p>La FEMIA organiza una serie de webinars para guiar a los proveedores sobre la manera en que se encuentran estructuradas los diferentes servicios requeridos en el sector aeroespacial, as\u00ed como capacidades de manufactura en la integraci\u00f3n de una aeronave.<\/p>\n\n\n\n<figure class=\"wp-block-embed is-type-video is-provider-youtube wp-block-embed-youtube wp-embed-aspect-16-9 wp-has-aspect-ratio\"><div class=\"wp-block-embed__wrapper\">\n<iframe loading=\"lazy\" title='\"Yucat\u00e1n, un reto para la industria aeroespacial\"' width=\"500\" height=\"281\" src=\"https:\/\/www.youtube.com\/embed\/I-ATI3kMmeU?feature=oembed\" frameborder=\"0\" allow=\"accelerometer; autoplay; clipboard-write; encrypted-media; gyroscope; picture-in-picture; web-share\" referrerpolicy=\"strict-origin-when-cross-origin\" allowfullscreen><\/iframe>\n<\/div><\/figure>\n<\/body>","protected":false},"excerpt":{"rendered":"<p>Webinar: Yucat\u00e1n, un reto para la industria aeroespacial Integrantes de Seal and Metal Products of Latin America participaron en el webinar organizado por la Federaci\u00f3n Mexicana de la Industria Aeroespacial denominado: Yucat\u00e1n, un reto para la industria aeroespacial. La Federaci\u00f3n Mexicana de la Industria Aeroespacial (FEMIA) y Seal and Metal Products of Latin America (SMPLA) [&hellip;]<\/p>\n","protected":false},"author":2,"featured_media":0,"parent":0,"menu_order":0,"comment_status":"closed","ping_status":"closed","template":"","meta":{"om_disable_all_campaigns":false,"pagelayer_contact_templates":[],"_pagelayer_content":"","footnotes":""},"class_list":["post-116","page","type-page","status-publish","hentry"],"jetpack_sharing_enabled":true,"_links":{"self":[{"href":"https:\/\/smpla.com.mx\/comunicados2\/wp-json\/wp\/v2\/pages\/116","targetHints":{"allow":["GET"]}}],"collection":[{"href":"https:\/\/smpla.com.mx\/comunicados2\/wp-json\/wp\/v2\/pages"}],"about":[{"href":"https:\/\/smpla.com.mx\/comunicados2\/wp-json\/wp\/v2\/types\/page"}],"author":[{"embeddable":true,"href":"https:\/\/smpla.com.mx\/comunicados2\/wp-json\/wp\/v2\/users\/2"}],"replies":[{"embeddable":true,"href":"https:\/\/smpla.com.mx\/comunicados2\/wp-json\/wp\/v2\/comments?post=116"}],"version-history":[{"count":3,"href":"https:\/\/smpla.com.mx\/comunicados2\/wp-json\/wp\/v2\/pages\/116\/revisions"}],"predecessor-version":[{"id":120,"href":"https:\/\/smpla.com.mx\/comunicados2\/wp-json\/wp\/v2\/pages\/116\/revisions\/120"}],"wp:attachment":[{"href":"https:\/\/smpla.com.mx\/comunicados2\/wp-json\/wp\/v2\/media?parent=116"}],"curies":[{"name":"wp","href":"https:\/\/api.w.org\/{rel}","templated":true}]}}